{"id":6062,"date":"2024-08-01T19:34:16","date_gmt":"2024-08-01T18:34:16","guid":{"rendered":"https:\/\/labougie.tn\/?post_type=product&#038;p=6062"},"modified":"2024-10-14T21:15:07","modified_gmt":"2024-10-14T20:15:07","slug":"brule-parfum-ceramique-bp03-vert","status":"publish","type":"product","link":"https:\/\/labougie.tn\/en\/product\/brule-parfum-ceramique-bp03-vert\/","title":{"rendered":"BR\u00dbLE PARFUM C\u00c9RAMIQUE BP03 Vert"},"content":{"rendered":"<p>Diffusion contr\u00f4l\u00e9e : Sa taille pr\u00e9vient la surchauffe des huiles essentielles. Les ouvertures minutieusement \u00e9tudi\u00e9es garantissent une diffusion ma\u00eetris\u00e9e pour une atmosph\u00e8re parfum\u00e9e sans alt\u00e9rer les bienfaits des huiles essentielles.<\/p>\n<p>Esth\u00e9tique, Efficace &amp; Bien-\u00catre : Ce br\u00fble-parfum allie fonctionnalit\u00e9, efficacit\u00e9 et esth\u00e9tique, embellissant votre int\u00e9rieur tout en diffusant un parfum apaisant pour cr\u00e9er une atmosph\u00e8re agr\u00e9able dans votre maison.<\/p>\n<p>Facilit\u00e9 d&rsquo;Utilisation &amp; d&rsquo;Entretien : Simple et pratique, placez une bougie chauffe-plat, ajoutez les huiles essentielles, parfums ou fondants parfum\u00e9s dans la cavit\u00e9 en haut, et laissez la chaleur diffuser subtilement les bienfaits aromatiques.<\/p>","protected":false},"excerpt":{"rendered":"<p>Cet article est 100 % naturel, il existe en plusieurs couleurs<\/p>","protected":false},"featured_media":6070,"comment_status":"open","ping_status":"closed","template":"","meta":{"inline_featured_image":false},"product_cat":[73],"product_tag":[86,88,85,100,87],"class_list":{"0":"post-6062","1":"product","2":"type-product","3":"status-publish","4":"has-post-thumbnail","6":"product_cat-brule-parfum-ceramique","7":"product_tag-bougie","8":"product_tag-brule-parfum","9":"product_tag-cadeaux","10":"product_tag-essence","11":"product_tag-parfum","13":"first","14":"instock","15":"sale","16":"sold-individually","17":"shipping-taxable","18":"purchasable","19":"product-type-simple"},"jetpack_sharing_enabled":true,"_links":{"self":[{"href":"https:\/\/labougie.tn\/en\/wp-json\/wp\/v2\/product\/6062","targetHints":{"allow":["GET"]}}],"collection":[{"href":"https:\/\/labougie.tn\/en\/wp-json\/wp\/v2\/product"}],"about":[{"href":"https:\/\/labougie.tn\/en\/wp-json\/wp\/v2\/types\/product"}],"replies":[{"embeddable":true,"href":"https:\/\/labougie.tn\/en\/wp-json\/wp\/v2\/comments?post=6062"}],"version-history":[{"count":1,"href":"https:\/\/labougie.tn\/en\/wp-json\/wp\/v2\/product\/6062\/revisions"}],"predecessor-version":[{"id":6071,"href":"https:\/\/labougie.tn\/en\/wp-json\/wp\/v2\/product\/6062\/revisions\/6071"}],"wp:featuredmedia":[{"embeddable":true,"href":"https:\/\/labougie.tn\/en\/wp-json\/wp\/v2\/media\/6070"}],"wp:attachment":[{"href":"https:\/\/labougie.tn\/en\/wp-json\/wp\/v2\/media?parent=6062"}],"wp:term":[{"taxonomy":"product_cat","embeddable":true,"href":"https:\/\/labougie.tn\/en\/wp-json\/wp\/v2\/product_cat?post=6062"},{"taxonomy":"product_tag","embeddable":true,"href":"https:\/\/labougie.tn\/en\/wp-json\/wp\/v2\/product_tag?post=6062"}],"curies":[{"name":"wp","href":"https:\/\/api.w.org\/{rel}","templated":true}]}}