

{"id":6044,"date":"2024-08-01T18:48:16","date_gmt":"2024-08-01T17:48:16","guid":{"rendered":"https:\/\/labougie.tn\/?post_type=product&#038;p=6044"},"modified":"2024-10-14T21:17:24","modified_gmt":"2024-10-14T20:17:24","slug":"brule-parfum-ceramique-bp02-bleu","status":"publish","type":"product","link":"https:\/\/labougie.tn\/en\/product\/brule-parfum-ceramique-bp02-bleu\/","title":{"rendered":"BR\u00dbLE PARFUM C\u00c9RAMIQUE BP02 Bleu"},"content":{"rendered":"<div data-elementor-type=\"wp-post\" data-elementor-id=\"6044\" class=\"elementor elementor-6044\">\n\t\t\t\t\t\t\t\t\t<section class=\"elementor-section elementor-top-section elementor-element elementor-element-c3d9b2 elementor-section-boxed elementor-section-height-default elementor-section-height-default\" data-id=\"c3d9b2\" data-element_type=\"section\">\n\t\t\t\t\t\t<div class=\"elementor-container elementor-column-gap-no\">\n\t\t\t\t\t<div class=\"elementor-column elementor-col-100 elementor-top-column elementor-element elementor-element-575b5792\" data-id=\"575b5792\" data-element_type=\"column\">\n\t\t\t<div class=\"elementor-widget-wrap elementor-element-populated\">\n\t\t\t\t\t\t\t\t<div class=\"elementor-element elementor-element-2983eb9b elementor-widget elementor-widget-text-editor\" data-id=\"2983eb9b\" data-element_type=\"widget\" data-widget_type=\"text-editor.default\">\n\t\t\t\t<div class=\"elementor-widget-container\">\n\t\t\t<style>\/*! elementor - v3.18.0 - 20-12-2023 *\/\n.elementor-widget-text-editor.elementor-drop-cap-view-stacked .elementor-drop-cap{background-color:#69727d;color:#fff}.elementor-widget-text-editor.elementor-drop-cap-view-framed .elementor-drop-cap{color:#69727d;border:3px solid;background-color:transparent}.elementor-widget-text-editor:not(.elementor-drop-cap-view-default) .elementor-drop-cap{margin-top:8px}.elementor-widget-text-editor:not(.elementor-drop-cap-view-default) .elementor-drop-cap-letter{width:1em;height:1em}.elementor-widget-text-editor .elementor-drop-cap{float:left;text-align:center;line-height:1;font-size:50px}.elementor-widget-text-editor .elementor-drop-cap-letter{display:inline-block}<\/style>\t\t\t\t\t\t\t\t\t\t<\/div>\n\t\t\t\t<\/div>\n\t\t\t\t<div class=\"elementor-element elementor-element-1d9d4fd1 elementor-widget elementor-widget-text-editor\" data-id=\"1d9d4fd1\" data-element_type=\"widget\" data-widget_type=\"text-editor.default\">\n\t\t\t\t<div class=\"elementor-widget-container\">\n\t\t\t\t\t\t\t<p>Diffusion contr\u00f4l\u00e9e : Sa taille pr\u00e9vient la surchauffe des huiles essentielles. Les ouvertures minutieusement \u00e9tudi\u00e9es garantissent une diffusion ma\u00eetris\u00e9e pour une atmosph\u00e8re parfum\u00e9e sans alt\u00e9rer les bienfaits des huiles essentielles.<\/p><p>Esth\u00e9tique, Efficace &amp; Bien-\u00catre : Ce br\u00fble-parfum allie fonctionnalit\u00e9, efficacit\u00e9 et esth\u00e9tique, embellissant votre int\u00e9rieur tout en diffusant un parfum apaisant pour cr\u00e9er une atmosph\u00e8re agr\u00e9able dans votre maison.<\/p><p>Facilit\u00e9 d\u2019Utilisation &amp; d\u2019Entretien : Simple et pratique, placez une bougie chauffe-plat, ajoutez les huiles essentielles, parfums ou fondants parfum\u00e9s dans la cavit\u00e9 en haut, et laissez la chaleur diffuser subtilement les bienfaits aromatiques<\/p>\t\t\t\t\t\t<\/div>\n\t\t\t\t<\/div>\n\t\t\t\t\t<\/div>\n\t\t<\/div>\n\t\t\t\t\t\t\t<\/div>\n\t\t<\/section>\n\t\t\t\t\t\t\t<\/div>","protected":false},"excerpt":{"rendered":"<p>Cet article est 100 % naturel, il existe en plusieurs couleurs<\/p>","protected":false},"featured_media":6052,"comment_status":"open","ping_status":"closed","template":"","meta":{"inline_featured_image":false},"product_cat":[73],"product_tag":[86,88,85,100,89,87],"class_list":{"0":"post-6044","1":"product","2":"type-product","3":"status-publish","4":"has-post-thumbnail","6":"product_cat-brule-parfum-ceramique","7":"product_tag-bougie","8":"product_tag-brule-parfum","9":"product_tag-cadeaux","10":"product_tag-essence","11":"product_tag-huile-essentielle","12":"product_tag-parfum","14":"first","15":"instock","16":"sale","17":"virtual","18":"sold-individually","19":"purchasable","20":"product-type-simple"},"jetpack_sharing_enabled":true,"_links":{"self":[{"href":"https:\/\/labougie.tn\/en\/wp-json\/wp\/v2\/product\/6044","targetHints":{"allow":["GET"]}}],"collection":[{"href":"https:\/\/labougie.tn\/en\/wp-json\/wp\/v2\/product"}],"about":[{"href":"https:\/\/labougie.tn\/en\/wp-json\/wp\/v2\/types\/product"}],"replies":[{"embeddable":true,"href":"https:\/\/labougie.tn\/en\/wp-json\/wp\/v2\/comments?post=6044"}],"version-history":[{"count":1,"href":"https:\/\/labougie.tn\/en\/wp-json\/wp\/v2\/product\/6044\/revisions"}],"predecessor-version":[{"id":6048,"href":"https:\/\/labougie.tn\/en\/wp-json\/wp\/v2\/product\/6044\/revisions\/6048"}],"wp:featuredmedia":[{"embeddable":true,"href":"https:\/\/labougie.tn\/en\/wp-json\/wp\/v2\/media\/6052"}],"wp:attachment":[{"href":"https:\/\/labougie.tn\/en\/wp-json\/wp\/v2\/media?parent=6044"}],"wp:term":[{"taxonomy":"product_cat","embeddable":true,"href":"https:\/\/labougie.tn\/en\/wp-json\/wp\/v2\/product_cat?post=6044"},{"taxonomy":"product_tag","embeddable":true,"href":"https:\/\/labougie.tn\/en\/wp-json\/wp\/v2\/product_tag?post=6044"}],"curies":[{"name":"wp","href":"https:\/\/api.w.org\/{rel}","templated":true}]}}