{"id":5980,"date":"2024-03-29T19:13:38","date_gmt":"2024-03-29T18:13:38","guid":{"rendered":"https:\/\/labougie.tn\/?post_type=product&#038;p=5980"},"modified":"2024-10-29T17:23:46","modified_gmt":"2024-10-29T16:23:46","slug":"extrait-de-parfum-fell","status":"publish","type":"product","link":"https:\/\/labougie.tn\/en\/product\/extrait-de-parfum-fell\/","title":{"rendered":"EXTRAIT DE PARFUM FELL"},"content":{"rendered":"<p>Plongez dans l&rsquo;essence d\u00e9licate et enivrante de la nature\u00a0 du Fell, une fragrance exquise qui capture la beaut\u00e9 florale d&rsquo;el Fell. Inspir\u00e9e par la fra\u00eecheur printani\u00e8re et la puret\u00e9 des premiers jours, cette fragrance \u00e9voque un sentiment de renouveau et de gr\u00e2ce qui enchante les sens et apaise l&rsquo;\u00e2me.<\/p>\n<p>Laissez-vous emporter par la magie florale du Fell &#8211; une fragrance qui \u00e9voque la beaut\u00e9 \u00e9ph\u00e9m\u00e8re et exquise d&rsquo;el Fell, pour une exp\u00e9rience sensorielle inoubliable.<\/p>","protected":false},"excerpt":{"rendered":"<p>Laissez-vous emporter par la magie florale du Fell &#8211; une fragrance qui \u00e9voque la beaut\u00e9 \u00e9ph\u00e9m\u00e8re et exquise d&rsquo;el Fell, pour une exp\u00e9rience sensorielle inoubliable.<\/p>","protected":false},"featured_media":5984,"comment_status":"open","ping_status":"closed","template":"","meta":{"inline_featured_image":false},"product_cat":[99],"product_tag":[86,88,100,87],"class_list":{"0":"post-5980","1":"product","2":"type-product","3":"status-publish","4":"has-post-thumbnail","6":"product_cat-essence-parfum","7":"product_tag-bougie","8":"product_tag-brule-parfum","9":"product_tag-essence","10":"product_tag-parfum","12":"first","13":"instock","14":"shipping-taxable","15":"purchasable","16":"product-type-simple"},"jetpack_sharing_enabled":true,"_links":{"self":[{"href":"https:\/\/labougie.tn\/en\/wp-json\/wp\/v2\/product\/5980","targetHints":{"allow":["GET"]}}],"collection":[{"href":"https:\/\/labougie.tn\/en\/wp-json\/wp\/v2\/product"}],"about":[{"href":"https:\/\/labougie.tn\/en\/wp-json\/wp\/v2\/types\/product"}],"replies":[{"embeddable":true,"href":"https:\/\/labougie.tn\/en\/wp-json\/wp\/v2\/comments?post=5980"}],"version-history":[{"count":1,"href":"https:\/\/labougie.tn\/en\/wp-json\/wp\/v2\/product\/5980\/revisions"}],"predecessor-version":[{"id":5986,"href":"https:\/\/labougie.tn\/en\/wp-json\/wp\/v2\/product\/5980\/revisions\/5986"}],"wp:featuredmedia":[{"embeddable":true,"href":"https:\/\/labougie.tn\/en\/wp-json\/wp\/v2\/media\/5984"}],"wp:attachment":[{"href":"https:\/\/labougie.tn\/en\/wp-json\/wp\/v2\/media?parent=5980"}],"wp:term":[{"taxonomy":"product_cat","embeddable":true,"href":"https:\/\/labougie.tn\/en\/wp-json\/wp\/v2\/product_cat?post=5980"},{"taxonomy":"product_tag","embeddable":true,"href":"https:\/\/labougie.tn\/en\/wp-json\/wp\/v2\/product_tag?post=5980"}],"curies":[{"name":"wp","href":"https:\/\/api.w.org\/{rel}","templated":true}]}}