{"id":5979,"date":"2024-03-29T19:13:35","date_gmt":"2024-03-29T18:13:35","guid":{"rendered":"https:\/\/labougie.tn\/?post_type=product&#038;p=5979"},"modified":"2024-10-29T17:24:12","modified_gmt":"2024-10-29T16:24:12","slug":"extrait-de-parfum-chocolat","status":"publish","type":"product","link":"https:\/\/labougie.tn\/en\/product\/extrait-de-parfum-chocolat\/","title":{"rendered":"EXTRAIT DE PARFUM CHOCOLAT"},"content":{"rendered":"<p>Plongez dans un tourbillon de gourmandise avec Douceur Chocolat\u00e9e, une fragrance exquise qui capture l&rsquo;essence irr\u00e9sistible et r\u00e9confortante du chocolat. Inspir\u00e9e par les plaisirs indulgents et les d\u00e9lices sucr\u00e9s, cette fragrance \u00e9voque un sentiment de chaleur et de bonheur qui enveloppe ses porteurs dans un cocon de douceur et de d\u00e9lectation.<\/p>\n<p>Laissez-vous emporter par la d\u00e9licieuse tentation de Douceur Chocolat\u00e9e &#8211; une fragrance qui \u00e9veille les sens et vous transporte dans un monde de douceur et de plaisir infinis.<\/p>","protected":false},"excerpt":{"rendered":"<p>Laissez-vous emporter par la d\u00e9licieuse tentation de Douceur Chocolat\u00e9e &#8211; une fragrance qui \u00e9veille les sens et vous transporte dans un monde de douceur et de plaisir infinis.<\/p>","protected":false},"featured_media":5981,"comment_status":"open","ping_status":"closed","template":"","meta":{"inline_featured_image":false},"product_cat":[99],"product_tag":[86,88,100,87],"class_list":{"0":"post-5979","1":"product","2":"type-product","3":"status-publish","4":"has-post-thumbnail","6":"product_cat-essence-parfum","7":"product_tag-bougie","8":"product_tag-brule-parfum","9":"product_tag-essence","10":"product_tag-parfum","12":"first","13":"instock","14":"shipping-taxable","15":"purchasable","16":"product-type-simple"},"jetpack_sharing_enabled":true,"_links":{"self":[{"href":"https:\/\/labougie.tn\/en\/wp-json\/wp\/v2\/product\/5979","targetHints":{"allow":["GET"]}}],"collection":[{"href":"https:\/\/labougie.tn\/en\/wp-json\/wp\/v2\/product"}],"about":[{"href":"https:\/\/labougie.tn\/en\/wp-json\/wp\/v2\/types\/product"}],"replies":[{"embeddable":true,"href":"https:\/\/labougie.tn\/en\/wp-json\/wp\/v2\/comments?post=5979"}],"version-history":[{"count":1,"href":"https:\/\/labougie.tn\/en\/wp-json\/wp\/v2\/product\/5979\/revisions"}],"predecessor-version":[{"id":5983,"href":"https:\/\/labougie.tn\/en\/wp-json\/wp\/v2\/product\/5979\/revisions\/5983"}],"wp:featuredmedia":[{"embeddable":true,"href":"https:\/\/labougie.tn\/en\/wp-json\/wp\/v2\/media\/5981"}],"wp:attachment":[{"href":"https:\/\/labougie.tn\/en\/wp-json\/wp\/v2\/media?parent=5979"}],"wp:term":[{"taxonomy":"product_cat","embeddable":true,"href":"https:\/\/labougie.tn\/en\/wp-json\/wp\/v2\/product_cat?post=5979"},{"taxonomy":"product_tag","embeddable":true,"href":"https:\/\/labougie.tn\/en\/wp-json\/wp\/v2\/product_tag?post=5979"}],"curies":[{"name":"wp","href":"https:\/\/api.w.org\/{rel}","templated":true}]}}