{"id":5960,"date":"2024-03-29T00:09:40","date_gmt":"2024-03-28T23:09:40","guid":{"rendered":"https:\/\/labougie.tn\/?post_type=product&#038;p=5960"},"modified":"2024-03-29T00:54:09","modified_gmt":"2024-03-28T23:54:09","slug":"extrait-de-parfum-fleur-doranger","status":"publish","type":"product","link":"https:\/\/labougie.tn\/en\/product\/extrait-de-parfum-fleur-doranger\/","title":{"rendered":"EXTRAIT DE PARFUM FLEUR D&rsquo;ORANGER"},"content":{"rendered":"<p>Plongez dans un jardin d&rsquo;orangers en fleurs, une fragrance enchanteresse qui capture l&rsquo;essence d\u00e9licate et ensoleill\u00e9e de la fleur d&rsquo;oranger. Inspir\u00e9e par les paysages ensoleill\u00e9s de la M\u00e9diterran\u00e9e et les souvenirs de promenades parfum\u00e9es au c\u0153ur des vergers, cette fragrance \u00e9voque un sentiment de douceur et de f\u00e9minit\u00e9 qui \u00e9veille les sens et ravive l&rsquo;esprit.<\/p>\n<p>Laissez-vous emporter par la magie ensoleill\u00e9e de la fleur d&rsquo;oranger &#8211; une fragrance qui \u00e9voque la beaut\u00e9 et la splendeur de la M\u00e9diterran\u00e9e avec une \u00e9l\u00e9gance incomparable.<\/p>","protected":false},"excerpt":{"rendered":"<p>Laissez-vous emporter par la magie ensoleill\u00e9e de la fleur d&rsquo;oranger &#8211; une fragrance qui \u00e9voque la beaut\u00e9 et la splendeur de la M\u00e9diterran\u00e9e avec une \u00e9l\u00e9gance incomparable.<\/p>","protected":false},"featured_media":5970,"comment_status":"open","ping_status":"closed","template":"","meta":{"inline_featured_image":false},"product_cat":[99],"product_tag":[86,88,100,87],"class_list":{"0":"post-5960","1":"product","2":"type-product","3":"status-publish","4":"has-post-thumbnail","6":"product_cat-essence-parfum","7":"product_tag-bougie","8":"product_tag-brule-parfum","9":"product_tag-essence","10":"product_tag-parfum","12":"first","13":"instock","14":"shipping-taxable","15":"purchasable","16":"product-type-simple"},"jetpack_sharing_enabled":true,"_links":{"self":[{"href":"https:\/\/labougie.tn\/en\/wp-json\/wp\/v2\/product\/5960","targetHints":{"allow":["GET"]}}],"collection":[{"href":"https:\/\/labougie.tn\/en\/wp-json\/wp\/v2\/product"}],"about":[{"href":"https:\/\/labougie.tn\/en\/wp-json\/wp\/v2\/types\/product"}],"replies":[{"embeddable":true,"href":"https:\/\/labougie.tn\/en\/wp-json\/wp\/v2\/comments?post=5960"}],"version-history":[{"count":1,"href":"https:\/\/labougie.tn\/en\/wp-json\/wp\/v2\/product\/5960\/revisions"}],"predecessor-version":[{"id":5972,"href":"https:\/\/labougie.tn\/en\/wp-json\/wp\/v2\/product\/5960\/revisions\/5972"}],"wp:featuredmedia":[{"embeddable":true,"href":"https:\/\/labougie.tn\/en\/wp-json\/wp\/v2\/media\/5970"}],"wp:attachment":[{"href":"https:\/\/labougie.tn\/en\/wp-json\/wp\/v2\/media?parent=5960"}],"wp:term":[{"taxonomy":"product_cat","embeddable":true,"href":"https:\/\/labougie.tn\/en\/wp-json\/wp\/v2\/product_cat?post=5960"},{"taxonomy":"product_tag","embeddable":true,"href":"https:\/\/labougie.tn\/en\/wp-json\/wp\/v2\/product_tag?post=5960"}],"curies":[{"name":"wp","href":"https:\/\/api.w.org\/{rel}","templated":true}]}}