{"id":5959,"date":"2024-03-29T00:09:38","date_gmt":"2024-03-28T23:09:38","guid":{"rendered":"https:\/\/labougie.tn\/?post_type=product&#038;p=5959"},"modified":"2024-03-29T00:45:47","modified_gmt":"2024-03-28T23:45:47","slug":"extrait-de-parfum-verveine","status":"publish","type":"product","link":"https:\/\/labougie.tn\/en\/product\/extrait-de-parfum-verveine\/","title":{"rendered":"EXTRAIT DE PARFUM VERVEINE"},"content":{"rendered":"<p>Plongez dans un jardin m\u00e9diterran\u00e9en baign\u00e9 de soleil avec la Verveine, une fragrance vivifiante qui capture l&rsquo;essence fra\u00eeche et citronn\u00e9e de la verveine. Cette fragrance \u00e9voque un sentiment de fra\u00eecheur et de vitalit\u00e9 qui \u00e9veille les sens et ravive l&rsquo;esprit.<\/p>\n<p>Laissez-vous emporter par l&rsquo;\u00e9clat rafra\u00eechissant de la Verveine &#8211; une fragrance qui \u00e9veille les sens et vous transporte dans un monde de fra\u00eecheur et de vitalit\u00e9 infinies.<\/p>","protected":false},"excerpt":{"rendered":"<p>Laissez-vous emporter par l&rsquo;\u00e9clat rafra\u00eechissant de la Verveine &#8211; une fragrance qui \u00e9veille les sens et vous transporte dans un monde de fra\u00eecheur et de vitalit\u00e9 infinies.<\/p>","protected":false},"featured_media":5967,"comment_status":"open","ping_status":"closed","template":"","meta":{"inline_featured_image":false},"product_cat":[99],"product_tag":[86,88,100,87],"class_list":{"0":"post-5959","1":"product","2":"type-product","3":"status-publish","4":"has-post-thumbnail","6":"product_cat-essence-parfum","7":"product_tag-bougie","8":"product_tag-brule-parfum","9":"product_tag-essence","10":"product_tag-parfum","12":"first","13":"instock","14":"shipping-taxable","15":"purchasable","16":"product-type-simple"},"jetpack_sharing_enabled":true,"_links":{"self":[{"href":"https:\/\/labougie.tn\/en\/wp-json\/wp\/v2\/product\/5959","targetHints":{"allow":["GET"]}}],"collection":[{"href":"https:\/\/labougie.tn\/en\/wp-json\/wp\/v2\/product"}],"about":[{"href":"https:\/\/labougie.tn\/en\/wp-json\/wp\/v2\/types\/product"}],"replies":[{"embeddable":true,"href":"https:\/\/labougie.tn\/en\/wp-json\/wp\/v2\/comments?post=5959"}],"version-history":[{"count":1,"href":"https:\/\/labougie.tn\/en\/wp-json\/wp\/v2\/product\/5959\/revisions"}],"predecessor-version":[{"id":5969,"href":"https:\/\/labougie.tn\/en\/wp-json\/wp\/v2\/product\/5959\/revisions\/5969"}],"wp:featuredmedia":[{"embeddable":true,"href":"https:\/\/labougie.tn\/en\/wp-json\/wp\/v2\/media\/5967"}],"wp:attachment":[{"href":"https:\/\/labougie.tn\/en\/wp-json\/wp\/v2\/media?parent=5959"}],"wp:term":[{"taxonomy":"product_cat","embeddable":true,"href":"https:\/\/labougie.tn\/en\/wp-json\/wp\/v2\/product_cat?post=5959"},{"taxonomy":"product_tag","embeddable":true,"href":"https:\/\/labougie.tn\/en\/wp-json\/wp\/v2\/product_tag?post=5959"}],"curies":[{"name":"wp","href":"https:\/\/api.w.org\/{rel}","templated":true}]}}