{"id":5958,"date":"2024-03-29T00:09:37","date_gmt":"2024-03-28T23:09:37","guid":{"rendered":"https:\/\/labougie.tn\/?post_type=product&#038;p=5958"},"modified":"2024-03-29T00:39:29","modified_gmt":"2024-03-28T23:39:29","slug":"extrait-de-parfum-bergamote","status":"publish","type":"product","link":"https:\/\/labougie.tn\/en\/product\/extrait-de-parfum-bergamote\/","title":{"rendered":"EXTRAIT DE PARFUM BERGAMOTE"},"content":{"rendered":"<p>Embrassez la lumi\u00e8re vive de l&rsquo;aube avec la Bergamote, une fragrance rafra\u00eechissante qui capture l&rsquo;essence vibrante et ensoleill\u00e9e de la bergamote. Inspir\u00e9e par les collines ensoleill\u00e9es de la c\u00f4te amalfitaine, cette fragrance \u00e9voque un sentiment d&rsquo;\u00e9nergie et de vitalit\u00e9 qui vous transporte instantan\u00e9ment dans les ruelles parfum\u00e9es de la nature.<\/p>\n<p>Laissez-vous emporter par la magie de la Bergamote &#8211; une fragrance qui \u00e9voque la beaut\u00e9 et la splendeur de la nature ensoleill\u00e9e avec une \u00e9l\u00e9gance incomparable.<\/p>","protected":false},"excerpt":{"rendered":"<p>Laissez-vous emporter par la magie de la Bergamote &#8211; une fragrance qui \u00e9voque la beaut\u00e9 et la splendeur de la nature ensoleill\u00e9e avec une \u00e9l\u00e9gance incomparable.<\/p>","protected":false},"featured_media":5964,"comment_status":"open","ping_status":"closed","template":"","meta":{"inline_featured_image":false},"product_cat":[99],"product_tag":[86,88,100,87],"class_list":{"0":"post-5958","1":"product","2":"type-product","3":"status-publish","4":"has-post-thumbnail","6":"product_cat-essence-parfum","7":"product_tag-bougie","8":"product_tag-brule-parfum","9":"product_tag-essence","10":"product_tag-parfum","12":"first","13":"instock","14":"shipping-taxable","15":"purchasable","16":"product-type-simple"},"jetpack_sharing_enabled":true,"_links":{"self":[{"href":"https:\/\/labougie.tn\/en\/wp-json\/wp\/v2\/product\/5958","targetHints":{"allow":["GET"]}}],"collection":[{"href":"https:\/\/labougie.tn\/en\/wp-json\/wp\/v2\/product"}],"about":[{"href":"https:\/\/labougie.tn\/en\/wp-json\/wp\/v2\/types\/product"}],"replies":[{"embeddable":true,"href":"https:\/\/labougie.tn\/en\/wp-json\/wp\/v2\/comments?post=5958"}],"version-history":[{"count":1,"href":"https:\/\/labougie.tn\/en\/wp-json\/wp\/v2\/product\/5958\/revisions"}],"predecessor-version":[{"id":5966,"href":"https:\/\/labougie.tn\/en\/wp-json\/wp\/v2\/product\/5958\/revisions\/5966"}],"wp:featuredmedia":[{"embeddable":true,"href":"https:\/\/labougie.tn\/en\/wp-json\/wp\/v2\/media\/5964"}],"wp:attachment":[{"href":"https:\/\/labougie.tn\/en\/wp-json\/wp\/v2\/media?parent=5958"}],"wp:term":[{"taxonomy":"product_cat","embeddable":true,"href":"https:\/\/labougie.tn\/en\/wp-json\/wp\/v2\/product_cat?post=5958"},{"taxonomy":"product_tag","embeddable":true,"href":"https:\/\/labougie.tn\/en\/wp-json\/wp\/v2\/product_tag?post=5958"}],"curies":[{"name":"wp","href":"https:\/\/api.w.org\/{rel}","templated":true}]}}