{"id":5957,"date":"2024-03-29T00:09:34","date_gmt":"2024-03-28T23:09:34","guid":{"rendered":"https:\/\/labougie.tn\/?post_type=product&#038;p=5957"},"modified":"2024-03-29T00:19:46","modified_gmt":"2024-03-28T23:19:46","slug":"extrait-de-parfum-citronelle","status":"publish","type":"product","link":"https:\/\/labougie.tn\/en\/product\/extrait-de-parfum-citronelle\/","title":{"rendered":"EXTRAIT DE PARFUM CITRONELLE"},"content":{"rendered":"<p>Plongez dans un jardin luxuriant baign\u00e9 de soleil, une fragrance vivifiante qui capture l&rsquo;essence revigorante et apaisante de la citronnelle fra\u00eechement coup\u00e9e. Inspir\u00e9e par les paysages tropicaux et les soir\u00e9es chaudes d&rsquo;\u00e9t\u00e9, cette fragrance \u00e9voque un sentiment de d\u00e9tente et de bien-\u00eatre qui transporte ses porteurs dans un voyage sensoriel apaisant et revitalisant.<\/p>\n<p>Laissez-vous emporter par la brise apaisante de la Citronnelle &#8211; une fragrance qui vous transporte dans un oasis de tranquillit\u00e9 et de bien-\u00eatre, o\u00f9 le parfum de la nature \u00e9veille les sens et apaise l&rsquo;\u00e2me.<\/p>","protected":false},"excerpt":{"rendered":"<p>Laissez-vous emporter par la brise apaisante de la Citronnelle &#8211; une fragrance qui vous transporte dans un oasis de tranquillit\u00e9 et de bien-\u00eatre, o\u00f9 le parfum de la nature \u00e9veille les sens et apaise l&rsquo;\u00e2me.<\/p>","protected":false},"featured_media":5963,"comment_status":"open","ping_status":"closed","template":"","meta":{"inline_featured_image":false},"product_cat":[99],"product_tag":[86,88,100,87],"class_list":{"0":"post-5957","1":"product","2":"type-product","3":"status-publish","4":"has-post-thumbnail","6":"product_cat-essence-parfum","7":"product_tag-bougie","8":"product_tag-brule-parfum","9":"product_tag-essence","10":"product_tag-parfum","12":"first","13":"instock","14":"shipping-taxable","15":"purchasable","16":"product-type-simple"},"jetpack_sharing_enabled":true,"_links":{"self":[{"href":"https:\/\/labougie.tn\/en\/wp-json\/wp\/v2\/product\/5957","targetHints":{"allow":["GET"]}}],"collection":[{"href":"https:\/\/labougie.tn\/en\/wp-json\/wp\/v2\/product"}],"about":[{"href":"https:\/\/labougie.tn\/en\/wp-json\/wp\/v2\/types\/product"}],"replies":[{"embeddable":true,"href":"https:\/\/labougie.tn\/en\/wp-json\/wp\/v2\/comments?post=5957"}],"version-history":[{"count":1,"href":"https:\/\/labougie.tn\/en\/wp-json\/wp\/v2\/product\/5957\/revisions"}],"predecessor-version":[{"id":5962,"href":"https:\/\/labougie.tn\/en\/wp-json\/wp\/v2\/product\/5957\/revisions\/5962"}],"wp:featuredmedia":[{"embeddable":true,"href":"https:\/\/labougie.tn\/en\/wp-json\/wp\/v2\/media\/5963"}],"wp:attachment":[{"href":"https:\/\/labougie.tn\/en\/wp-json\/wp\/v2\/media?parent=5957"}],"wp:term":[{"taxonomy":"product_cat","embeddable":true,"href":"https:\/\/labougie.tn\/en\/wp-json\/wp\/v2\/product_cat?post=5957"},{"taxonomy":"product_tag","embeddable":true,"href":"https:\/\/labougie.tn\/en\/wp-json\/wp\/v2\/product_tag?post=5957"}],"curies":[{"name":"wp","href":"https:\/\/api.w.org\/{rel}","templated":true}]}}