{"id":5950,"date":"2024-03-28T23:55:30","date_gmt":"2024-03-28T22:55:30","guid":{"rendered":"https:\/\/labougie.tn\/?post_type=product&#038;p=5950"},"modified":"2024-03-29T00:08:54","modified_gmt":"2024-03-28T23:08:54","slug":"extrait-de-parfum-citron-vert","status":"publish","type":"product","link":"https:\/\/labougie.tn\/en\/product\/extrait-de-parfum-citron-vert\/","title":{"rendered":"EXTRAIT DE PARFUM CITRON VERT"},"content":{"rendered":"<p>Plongez dans une oasis rafra\u00eechissante avec Zeste de Lime, une fragrance vive et dynamique qui capture l&rsquo;essence p\u00e9tillante et revigorante du citron vert frais. Inspir\u00e9e par les journ\u00e9es ensoleill\u00e9es et les brises tropicales, cette fragrance \u00e9voque un sentiment d&rsquo;\u00e9nergie et de vitalit\u00e9 qui \u00e9veille les sens et ravive l&rsquo;esprit.<\/p>\n<p>Laissez-vous emporter par l&rsquo;effervescence joyeuse de Zeste de Lime &#8211; une fragrance qui \u00e9veille les sens et vous transporte dans un monde d&rsquo;\u00e9nergie et de vitalit\u00e9 infinies.<\/p>","protected":false},"excerpt":{"rendered":"<p>Laissez-vous emporter par l&rsquo;effervescence joyeuse de Zeste de Lime &#8211; une fragrance qui \u00e9veille les sens et vous transporte dans un monde d&rsquo;\u00e9nergie et de vitalit\u00e9 infinies.<\/p>","protected":false},"featured_media":5954,"comment_status":"open","ping_status":"closed","template":"","meta":{"inline_featured_image":false},"product_cat":[99],"product_tag":[86,88,100,87],"class_list":{"0":"post-5950","1":"product","2":"type-product","3":"status-publish","4":"has-post-thumbnail","6":"product_cat-essence-parfum","7":"product_tag-bougie","8":"product_tag-brule-parfum","9":"product_tag-essence","10":"product_tag-parfum","12":"first","13":"instock","14":"shipping-taxable","15":"purchasable","16":"product-type-simple"},"jetpack_sharing_enabled":true,"_links":{"self":[{"href":"https:\/\/labougie.tn\/en\/wp-json\/wp\/v2\/product\/5950","targetHints":{"allow":["GET"]}}],"collection":[{"href":"https:\/\/labougie.tn\/en\/wp-json\/wp\/v2\/product"}],"about":[{"href":"https:\/\/labougie.tn\/en\/wp-json\/wp\/v2\/types\/product"}],"replies":[{"embeddable":true,"href":"https:\/\/labougie.tn\/en\/wp-json\/wp\/v2\/comments?post=5950"}],"version-history":[{"count":1,"href":"https:\/\/labougie.tn\/en\/wp-json\/wp\/v2\/product\/5950\/revisions"}],"predecessor-version":[{"id":5956,"href":"https:\/\/labougie.tn\/en\/wp-json\/wp\/v2\/product\/5950\/revisions\/5956"}],"wp:featuredmedia":[{"embeddable":true,"href":"https:\/\/labougie.tn\/en\/wp-json\/wp\/v2\/media\/5954"}],"wp:attachment":[{"href":"https:\/\/labougie.tn\/en\/wp-json\/wp\/v2\/media?parent=5950"}],"wp:term":[{"taxonomy":"product_cat","embeddable":true,"href":"https:\/\/labougie.tn\/en\/wp-json\/wp\/v2\/product_cat?post=5950"},{"taxonomy":"product_tag","embeddable":true,"href":"https:\/\/labougie.tn\/en\/wp-json\/wp\/v2\/product_tag?post=5950"}],"curies":[{"name":"wp","href":"https:\/\/api.w.org\/{rel}","templated":true}]}}