{"id":5943,"date":"2024-03-28T23:36:48","date_gmt":"2024-03-28T22:36:48","guid":{"rendered":"https:\/\/labougie.tn\/?post_type=product&#038;p=5943"},"modified":"2024-03-28T23:54:28","modified_gmt":"2024-03-28T22:54:28","slug":"extrait-de-parfum-jasmin","status":"publish","type":"product","link":"https:\/\/labougie.tn\/en\/product\/extrait-de-parfum-jasmin\/","title":{"rendered":"EXTRAIT DE PARFUM JASMIN"},"content":{"rendered":"<p>\u00c9veillez vos sens avec \u00c9clat de Jasmin, une fragrance exquise qui c\u00e9l\u00e8bre la beaut\u00e9 envo\u00fbtante et intemporelle de la fleur de jasmin. Capturant l&rsquo;essence m\u00eame de la f\u00e9minit\u00e9 et de la gr\u00e2ce, cette fragrance \u00e9blouissante vous transporte dans un jardin luxuriant o\u00f9 les p\u00e9tales blancs de jasmin brillent sous le doux \u00e9clat du soleil.<\/p>\n<p>Laissez-vous emporter par la magie enchanteresse d&rsquo;\u00c9clat de Jasmin &#8211; une fragrance qui c\u00e9l\u00e8bre la beaut\u00e9 intemporelle et la f\u00e9minit\u00e9 avec une gr\u00e2ce incomparable.<\/p>","protected":false},"excerpt":{"rendered":"<p>Laissez-vous emporter par la magie enchanteresse d&rsquo;\u00c9clat de Jasmin &#8211; une fragrance qui c\u00e9l\u00e8bre la beaut\u00e9 intemporelle et la f\u00e9minit\u00e9 avec une gr\u00e2ce incomparable.<\/p>","protected":false},"featured_media":5944,"comment_status":"open","ping_status":"closed","template":"","meta":{"inline_featured_image":false},"product_cat":[99],"product_tag":[86,88,100,87],"class_list":{"0":"post-5943","1":"product","2":"type-product","3":"status-publish","4":"has-post-thumbnail","6":"product_cat-essence-parfum","7":"product_tag-bougie","8":"product_tag-brule-parfum","9":"product_tag-essence","10":"product_tag-parfum","12":"first","13":"instock","14":"shipping-taxable","15":"purchasable","16":"product-type-simple"},"jetpack_sharing_enabled":true,"_links":{"self":[{"href":"https:\/\/labougie.tn\/en\/wp-json\/wp\/v2\/product\/5943","targetHints":{"allow":["GET"]}}],"collection":[{"href":"https:\/\/labougie.tn\/en\/wp-json\/wp\/v2\/product"}],"about":[{"href":"https:\/\/labougie.tn\/en\/wp-json\/wp\/v2\/types\/product"}],"replies":[{"embeddable":true,"href":"https:\/\/labougie.tn\/en\/wp-json\/wp\/v2\/comments?post=5943"}],"version-history":[{"count":3,"href":"https:\/\/labougie.tn\/en\/wp-json\/wp\/v2\/product\/5943\/revisions"}],"predecessor-version":[{"id":5948,"href":"https:\/\/labougie.tn\/en\/wp-json\/wp\/v2\/product\/5943\/revisions\/5948"}],"wp:featuredmedia":[{"embeddable":true,"href":"https:\/\/labougie.tn\/en\/wp-json\/wp\/v2\/media\/5944"}],"wp:attachment":[{"href":"https:\/\/labougie.tn\/en\/wp-json\/wp\/v2\/media?parent=5943"}],"wp:term":[{"taxonomy":"product_cat","embeddable":true,"href":"https:\/\/labougie.tn\/en\/wp-json\/wp\/v2\/product_cat?post=5943"},{"taxonomy":"product_tag","embeddable":true,"href":"https:\/\/labougie.tn\/en\/wp-json\/wp\/v2\/product_tag?post=5943"}],"curies":[{"name":"wp","href":"https:\/\/api.w.org\/{rel}","templated":true}]}}