{"id":255,"date":"2021-10-15T01:38:07","date_gmt":"2021-10-15T01:38:07","guid":{"rendered":"http:\/\/source.wpopal.com\/olars\/product\/mediocre-silk-hat\/"},"modified":"2024-03-28T23:36:30","modified_gmt":"2024-03-28T22:36:30","slug":"mediocre-silk-hat","status":"publish","type":"product","link":"https:\/\/labougie.tn\/en\/product\/mediocre-silk-hat\/","title":{"rendered":"EXTRAIT DE PARFUM LAVANDE"},"content":{"rendered":"<p>Plongez dans un jardin de lavande en fleurs, une fragrance qui capture l&rsquo;essence apaisante et envo\u00fbtante de cette fleur embl\u00e9matique. Inspir\u00e9e par les champs de lavande baign\u00e9s de soleil , cette fragrance \u00e9voque un sentiment de calme et de tranquillit\u00e9 qui enveloppe ses porteurs dans un voile de s\u00e9r\u00e9nit\u00e9.<\/p>\n<p>Laissez-vous envo\u00fbter par la magie enivrante de Lavande &#8211; une fragrance qui transforme chaque instant ordinaire en une escapade sensorielle dans un champ de lavande en fleurs.<\/p>","protected":false},"excerpt":{"rendered":"<p>Laissez-vous envo\u00fbter par la magie enivrante de Lavande &#8211; une fragrance qui transforme chaque instant ordinaire en une escapade sensorielle dans un champ de lavande en fleurs.<\/p>","protected":false},"featured_media":5936,"comment_status":"open","ping_status":"closed","template":"","meta":{"inline_featured_image":false},"product_cat":[99],"product_tag":[86,88,100,87],"class_list":{"0":"post-255","1":"product","2":"type-product","3":"status-publish","4":"has-post-thumbnail","6":"product_cat-essence-parfum","7":"product_tag-bougie","8":"product_tag-brule-parfum","9":"product_tag-essence","10":"product_tag-parfum","12":"first","13":"instock","14":"shipping-taxable","15":"purchasable","16":"product-type-simple"},"jetpack_sharing_enabled":true,"_links":{"self":[{"href":"https:\/\/labougie.tn\/en\/wp-json\/wp\/v2\/product\/255","targetHints":{"allow":["GET"]}}],"collection":[{"href":"https:\/\/labougie.tn\/en\/wp-json\/wp\/v2\/product"}],"about":[{"href":"https:\/\/labougie.tn\/en\/wp-json\/wp\/v2\/types\/product"}],"replies":[{"embeddable":true,"href":"https:\/\/labougie.tn\/en\/wp-json\/wp\/v2\/comments?post=255"}],"version-history":[{"count":4,"href":"https:\/\/labougie.tn\/en\/wp-json\/wp\/v2\/product\/255\/revisions"}],"predecessor-version":[{"id":5942,"href":"https:\/\/labougie.tn\/en\/wp-json\/wp\/v2\/product\/255\/revisions\/5942"}],"wp:featuredmedia":[{"embeddable":true,"href":"https:\/\/labougie.tn\/en\/wp-json\/wp\/v2\/media\/5936"}],"wp:attachment":[{"href":"https:\/\/labougie.tn\/en\/wp-json\/wp\/v2\/media?parent=255"}],"wp:term":[{"taxonomy":"product_cat","embeddable":true,"href":"https:\/\/labougie.tn\/en\/wp-json\/wp\/v2\/product_cat?post=255"},{"taxonomy":"product_tag","embeddable":true,"href":"https:\/\/labougie.tn\/en\/wp-json\/wp\/v2\/product_tag?post=255"}],"curies":[{"name":"wp","href":"https:\/\/api.w.org\/{rel}","templated":true}]}}