

{"id":95,"date":"2021-10-14T08:39:24","date_gmt":"2021-10-14T08:39:24","guid":{"rendered":"http:\/\/source.wpopal.com\/olars\/about-us\/"},"modified":"2024-03-20T21:40:37","modified_gmt":"2024-03-20T20:40:37","slug":"about-us","status":"publish","type":"page","link":"https:\/\/labougie.tn\/en\/about-us\/","title":{"rendered":"About Us"},"content":{"rendered":"<div data-elementor-type=\"wp-page\" data-elementor-id=\"95\" class=\"elementor elementor-95\">\n\t\t\t\t\t\t\t\t\t<div class=\"elementor-section elementor-top-section elementor-element elementor-element-ace6ed2 elementor-section-stretched elementor-section-boxed elementor-section-height-default elementor-section-height-default\" data-id=\"ace6ed2\" data-element_type=\"section\" data-settings=\"{&quot;stretch_section&quot;:&quot;section-stretched&quot;,&quot;background_background&quot;:&quot;classic&quot;}\">\n\t\t\t\t\t\t<div class=\"elementor-container elementor-column-gap-no\">\n\t\t\t\t\t<div class=\"elementor-column elementor-col-100 elementor-top-column elementor-element elementor-element-1d19dbd\" data-id=\"1d19dbd\" data-element_type=\"column\">\n\t\t\t<div class=\"elementor-widget-wrap elementor-element-populated\">\n\t\t\t\t\t\t\t\t<div class=\"elementor-section elementor-inner-section elementor-element elementor-element-41b727c elementor-section-boxed elementor-section-height-default elementor-section-height-default\" data-id=\"41b727c\" data-element_type=\"section\">\n\t\t\t\t\t\t<div class=\"elementor-container elementor-column-gap-no\">\n\t\t\t\t\t<div class=\"elementor-column elementor-col-50 elementor-inner-column elementor-element elementor-element-b514817\" data-id=\"b514817\" data-element_type=\"column\">\n\t\t\t<div class=\"elementor-widget-wrap elementor-element-populated\">\n\t\t\t\t\t\t\t\t<div class=\"elementor-element elementor-element-eaf93e6 elementor-widget__width-auto elementor-widget elementor-widget-heading\" data-id=\"eaf93e6\" data-element_type=\"widget\" data-widget_type=\"heading.default\">\n\t\t\t\t<div class=\"elementor-widget-container\">\n\t\t\t<style>\/*! elementor - v3.18.0 - 20-12-2023 *\/\n.elementor-heading-title{padding:0;margin:0;line-height:1}.elementor-widget-heading .elementor-heading-title[class*=elementor-size-]>a{color:inherit;font-size:inherit;line-height:inherit}.elementor-widget-heading .elementor-heading-title.elementor-size-small{font-size:15px}.elementor-widget-heading .elementor-heading-title.elementor-size-medium{font-size:19px}.elementor-widget-heading .elementor-heading-title.elementor-size-large{font-size:29px}.elementor-widget-heading .elementor-heading-title.elementor-size-xl{font-size:39px}.elementor-widget-heading .elementor-heading-title.elementor-size-xxl{font-size:59px}<\/style><h2 class=\"elementor-heading-title elementor-size-default\">A Propos<\/h2>\t\t<\/div>\n\t\t\t\t<\/div>\n\t\t\t\t<div class=\"elementor-element elementor-element-54aead9 elementor-widget__width-initial elementor-widget-tablet__width-inherit elementor-widget elementor-widget-heading\" data-id=\"54aead9\" data-element_type=\"widget\" data-widget_type=\"heading.default\">\n\t\t\t\t<div class=\"elementor-widget-container\">\n\t\t\t<h2 class=\"elementor-heading-title elementor-size-default\">Labougie.tn<\/h2>\t\t<\/div>\n\t\t\t\t<\/div>\n\t\t\t\t<div class=\"elementor-element elementor-element-9454589 elementor-widget__width-initial elementor-widget-tablet__width-inherit elementor-widget elementor-widget-text-editor\" data-id=\"9454589\" data-element_type=\"widget\" data-widget_type=\"text-editor.default\">\n\t\t\t\t<div class=\"elementor-widget-container\">\n\t\t\t<style>\/*! elementor - v3.18.0 - 20-12-2023 *\/\n.elementor-widget-text-editor.elementor-drop-cap-view-stacked .elementor-drop-cap{background-color:#69727d;color:#fff}.elementor-widget-text-editor.elementor-drop-cap-view-framed .elementor-drop-cap{color:#69727d;border:3px solid;background-color:transparent}.elementor-widget-text-editor:not(.elementor-drop-cap-view-default) .elementor-drop-cap{margin-top:8px}.elementor-widget-text-editor:not(.elementor-drop-cap-view-default) .elementor-drop-cap-letter{width:1em;height:1em}.elementor-widget-text-editor .elementor-drop-cap{float:left;text-align:center;line-height:1;font-size:50px}.elementor-widget-text-editor .elementor-drop-cap-letter{display:inline-block}<\/style>\t\t\t\t<p>Est une marque de la soci\u00e9t\u00e9 PRODECOM.<\/p>\t\t\t\t\t\t<\/div>\n\t\t\t\t<\/div>\n\t\t\t\t<div class=\"elementor-element elementor-element-327c9e4 elementor-widget__width-initial elementor-widget-tablet__width-inherit elementor-widget elementor-widget-text-editor\" data-id=\"327c9e4\" data-element_type=\"widget\" data-widget_type=\"text-editor.default\">\n\t\t\t\t<div class=\"elementor-widget-container\">\n\t\t\t\t\t\t\t<p>PRODECOM est une agence sp\u00e9cialis\u00e9e dans le marketing par objets, qui a con\u00e7u ce projet en coop\u00e9ration avec plusieurs partenaires (C\u00e9ramiste, Fustier, Biologiste&#8230;etc) afin d&rsquo;assurer des produits \u00e9cologiques et innovants.<\/p><p><strong>Notre mission :<\/strong> est d&rsquo;offrir \u00e0 nos clients des produits de la plus haute qualit\u00e9, fabriqu\u00e9es avec soin et passion, pour illuminer leur vie et leur offrir une exp\u00e9rience sensorielle inoubliable.<\/p><p><strong><span style=\"color: var( --e-global-color-text ); background-color: var(--background);\">Notre vision :<\/span><\/strong><\/p><p>1 &#8211; Qualit\u00e9 Exceptionnelle<\/p><p>2 &#8211; Innovation Continuelle\u00a0<\/p><p>3 &#8211; Durabilit\u00e9\u00a0<\/p><p>4 &#8211; Partage de la Joie<\/p>\t\t\t\t\t\t<\/div>\n\t\t\t\t<\/div>\n\t\t\t\t\t<\/div>\n\t\t<\/div>\n\t\t\t\t<div class=\"elementor-column elementor-col-50 elementor-inner-column elementor-element elementor-element-fdb2e61\" data-id=\"fdb2e61\" data-element_type=\"column\">\n\t\t\t<div class=\"elementor-widget-wrap elementor-element-populated\">\n\t\t\t\t\t\t\t\t<div class=\"elementor-element elementor-element-43733ce elementor-widget elementor-widget-image\" data-id=\"43733ce\" data-element_type=\"widget\" data-widget_type=\"image.default\">\n\t\t\t\t<div class=\"elementor-widget-container\">\n\t\t\t<style>\/*! elementor - v3.18.0 - 20-12-2023 *\/\n.elementor-widget-image{text-align:center}.elementor-widget-image a{display:inline-block}.elementor-widget-image a img[src$=\".svg\"]{width:48px}.elementor-widget-image img{vertical-align:middle;display:inline-block}<\/style>\t\t\t\t\t\t\t\t\t\t\t\t<img fetchpriority=\"high\" decoding=\"async\" width=\"520\" height=\"520\" src=\"https:\/\/labougie.tn\/wp-content\/uploads\/2024\/03\/About.jpg\" class=\"attachment-full size-full wp-image-5774\" alt=\"\" srcset=\"https:\/\/labougie.tn\/wp-content\/uploads\/2024\/03\/About.jpg 520w, https:\/\/labougie.tn\/wp-content\/uploads\/2024\/03\/About-300x300.jpg 300w, https:\/\/labougie.tn\/wp-content\/uploads\/2024\/03\/About-150x150.jpg 150w, https:\/\/labougie.tn\/wp-content\/uploads\/2024\/03\/About-450x450.jpg 450w, https:\/\/labougie.tn\/wp-content\/uploads\/2024\/03\/About-100x100.jpg 100w, https:\/\/labougie.tn\/wp-content\/uploads\/2024\/03\/About-50x50.jpg 50w, https:\/\/labougie.tn\/wp-content\/uploads\/2024\/03\/About-96x96.jpg 96w, https:\/\/labougie.tn\/wp-content\/uploads\/2024\/03\/About-460x460.jpg 460w\" sizes=\"(max-width: 520px) 100vw, 520px\" \/>\t\t\t\t\t\t\t\t\t\t\t\t\t\t\t<\/div>\n\t\t\t\t<\/div>\n\t\t\t\t<div class=\"elementor-element elementor-element-7fc895e elementor-widget elementor-widget-heading\" data-id=\"7fc895e\" data-element_type=\"widget\" data-widget_type=\"heading.default\">\n\t\t\t\t<div class=\"elementor-widget-container\">\n\t\t\t<h2 class=\"elementor-heading-title elementor-size-small\">Transformez chaque instant en une exp\u00e9rience sensorielle avec nos produits uniques.\n<\/h2>\t\t<\/div>\n\t\t\t\t<\/div>\n\t\t\t\t\t<\/div>\n\t\t<\/div>\n\t\t\t\t\t\t\t<\/div>\n\t\t<\/div>\n\t\t\t\t\t<\/div>\n\t\t<\/div>\n\t\t\t\t\t\t\t<\/div>\n\t\t<\/div>\n\t\t\t\t\t\t\t<\/div>","protected":false},"excerpt":{"rendered":"<p>A Propos Labougie.tn Est une marque de la soci\u00e9t\u00e9 PRODECOM. PRODECOM est une agence sp\u00e9cialis\u00e9e dans le marketing par objets, qui a con\u00e7u ce projet en coop\u00e9ration avec plusieurs partenaires (C\u00e9ramiste, Fustier, Biologiste&#8230;etc) afin d&rsquo;assurer des produits \u00e9cologiques et innovants. Notre mission : est d&rsquo;offrir \u00e0 nos clients des produits de la plus haute qualit\u00e9, [&hellip;]<\/p>","protected":false},"author":1,"featured_media":0,"parent":0,"menu_order":0,"comment_status":"closed","ping_status":"closed","template":"template-homepage.php","meta":{"inline_featured_image":false,"footnotes":""},"class_list":["post-95","page","type-page","status-publish","hentry"],"jetpack_sharing_enabled":true,"_links":{"self":[{"href":"https:\/\/labougie.tn\/en\/wp-json\/wp\/v2\/pages\/95","targetHints":{"allow":["GET"]}}],"collection":[{"href":"https:\/\/labougie.tn\/en\/wp-json\/wp\/v2\/pages"}],"about":[{"href":"https:\/\/labougie.tn\/en\/wp-json\/wp\/v2\/types\/page"}],"author":[{"embeddable":true,"href":"https:\/\/labougie.tn\/en\/wp-json\/wp\/v2\/users\/1"}],"replies":[{"embeddable":true,"href":"https:\/\/labougie.tn\/en\/wp-json\/wp\/v2\/comments?post=95"}],"version-history":[{"count":15,"href":"https:\/\/labougie.tn\/en\/wp-json\/wp\/v2\/pages\/95\/revisions"}],"predecessor-version":[{"id":5784,"href":"https:\/\/labougie.tn\/en\/wp-json\/wp\/v2\/pages\/95\/revisions\/5784"}],"wp:attachment":[{"href":"https:\/\/labougie.tn\/en\/wp-json\/wp\/v2\/media?parent=95"}],"curies":[{"name":"wp","href":"https:\/\/api.w.org\/{rel}","templated":true}]}}